{"id":150,"date":"2019-11-28T16:46:13","date_gmt":"2019-11-28T15:46:13","guid":{"rendered":"http:\/\/fermedidoine.fr\/?page_id=150"},"modified":"2020-02-04T09:58:19","modified_gmt":"2020-02-04T08:58:19","slug":"presse","status":"publish","type":"page","link":"https:\/\/fermedidoine.fr\/?page_id=150","title":{"rendered":"Presse"},"content":{"rendered":"\n<h2>Reportage Atmosph\u00e8re TV<\/h2>\n\n\n\n<p>Reportage r\u00e9alis\u00e9 au lancement des Fra\u00eecheurs d&#8217;Idoine.<\/p>\n\n\n\n<figure class=\"wp-block-embed-youtube wp-block-embed is-type-video is-provider-youtube wp-embed-aspect-16-9 wp-has-aspect-ratio\"><div class=\"wp-block-embed__wrapper\">\n<iframe loading=\"lazy\" title=\"Glaces &quot;Fraicheurs d&#039;Idoine&quot; fabriqu\u00e9es \u00e0 la ferme\" width=\"525\" height=\"295\" src=\"https:\/\/www.youtube.com\/embed\/F3rNArRvnKE?start=33&#038;feature=oembed\" frameborder=\"0\" allow=\"accelerometer; autoplay; encrypted-media; gyroscope; picture-in-picture\" allowfullscreen><\/iframe>\n<\/div><\/figure>\n\n\n\n<p><\/p>\n\n\n\n<h2>Paris Normandie<\/h2>\n\n\n\n<p>Article paru pour nos portes ouvertes 2017.<\/p>\n\n\n\n<p><a href=\"https:\/\/www.paris-normandie.fr\/actualites\/economie\/agriculture\/des-glaces-artisanales-a-la-ferme-idoine-a-sauchay-JF10514159\">https:\/\/www.paris-normandie.fr\/actualites\/economie\/agriculture\/des-glaces-artisanales-a-la-ferme-idoine-a-sauchay-JF10514159<\/a><\/p>\n\n\n\n<p><\/p>\n\n\n\n<h2>Radio France Bleu Normandie<\/h2>\n\n\n\n<p>Emission &#8220;On cuisine ensemble&#8221; par Annie Le Fl\u00e9outer du 1er Novembre 2019.<\/p>\n\n\n\n<p><a href=\"https:\/\/www.francebleu.fr\/emissions\/cuisine-ensemble\/normandie-rouen\/les-glaces-de-la-ferme-d-idoine-a-sauchay\">https:\/\/www.francebleu.fr\/emissions\/cuisine-ensemble\/normandie-rouen\/les-glaces-de-la-ferme-d-idoine-a-sauchay<\/a><\/p>\n\n\n\n<h2>Le P&#8217;tit Gourmand Paris Normandie N\u00b04<\/h2>\n\n\n\n<figure class=\"wp-block-image size-large\"><img decoding=\"async\" loading=\"lazy\" width=\"576\" height=\"1024\" src=\"http:\/\/fermedidoine.fr\/wp-content\/uploads\/2020\/02\/PHOTO-2020-02-03-20-36-23-576x1024.jpg\" alt=\"\" class=\"wp-image-223\" srcset=\"https:\/\/fermedidoine.fr\/wp-content\/uploads\/2020\/02\/PHOTO-2020-02-03-20-36-23-576x1024.jpg 576w, https:\/\/fermedidoine.fr\/wp-content\/uploads\/2020\/02\/PHOTO-2020-02-03-20-36-23-169x300.jpg 169w, https:\/\/fermedidoine.fr\/wp-content\/uploads\/2020\/02\/PHOTO-2020-02-03-20-36-23-768x1366.jpg 768w, https:\/\/fermedidoine.fr\/wp-content\/uploads\/2020\/02\/PHOTO-2020-02-03-20-36-23-864x1536.jpg 864w, https:\/\/fermedidoine.fr\/wp-content\/uploads\/2020\/02\/PHOTO-2020-02-03-20-36-23.jpg 899w\" sizes=\"(max-width: 576px) 100vw, 576px\" \/><\/figure>\n\n\n\n<figure class=\"wp-block-image size-large\"><img decoding=\"async\" loading=\"lazy\" width=\"576\" height=\"1024\" src=\"http:\/\/fermedidoine.fr\/wp-content\/uploads\/2020\/02\/PHOTO-2020-02-03-20-36-36-576x1024.jpg\" alt=\"\" class=\"wp-image-224\" srcset=\"https:\/\/fermedidoine.fr\/wp-content\/uploads\/2020\/02\/PHOTO-2020-02-03-20-36-36-576x1024.jpg 576w, https:\/\/fermedidoine.fr\/wp-content\/uploads\/2020\/02\/PHOTO-2020-02-03-20-36-36-169x300.jpg 169w, https:\/\/fermedidoine.fr\/wp-content\/uploads\/2020\/02\/PHOTO-2020-02-03-20-36-36-768x1366.jpg 768w, https:\/\/fermedidoine.fr\/wp-content\/uploads\/2020\/02\/PHOTO-2020-02-03-20-36-36-864x1536.jpg 864w, https:\/\/fermedidoine.fr\/wp-content\/uploads\/2020\/02\/PHOTO-2020-02-03-20-36-36.jpg 899w\" sizes=\"(max-width: 576px) 100vw, 576px\" \/><\/figure>\n\n\n\n<figure class=\"wp-block-image size-large\"><img decoding=\"async\" loading=\"lazy\" width=\"576\" height=\"1024\" src=\"http:\/\/fermedidoine.fr\/wp-content\/uploads\/2020\/02\/PHOTO-2020-02-03-20-36-38-576x1024.jpg\" alt=\"\" class=\"wp-image-225\" srcset=\"https:\/\/fermedidoine.fr\/wp-content\/uploads\/2020\/02\/PHOTO-2020-02-03-20-36-38-576x1024.jpg 576w, https:\/\/fermedidoine.fr\/wp-content\/uploads\/2020\/02\/PHOTO-2020-02-03-20-36-38-169x300.jpg 169w, https:\/\/fermedidoine.fr\/wp-content\/uploads\/2020\/02\/PHOTO-2020-02-03-20-36-38-768x1366.jpg 768w, https:\/\/fermedidoine.fr\/wp-content\/uploads\/2020\/02\/PHOTO-2020-02-03-20-36-38-864x1536.jpg 864w, https:\/\/fermedidoine.fr\/wp-content\/uploads\/2020\/02\/PHOTO-2020-02-03-20-36-38.jpg 899w\" sizes=\"(max-width: 576px) 100vw, 576px\" \/><\/figure>\n\n\n\n<figure class=\"wp-block-image size-large\"><img decoding=\"async\" loading=\"lazy\" width=\"576\" height=\"1024\" src=\"http:\/\/fermedidoine.fr\/wp-content\/uploads\/2020\/02\/PHOTO-2020-02-03-20-36-43-576x1024.jpg\" alt=\"\" class=\"wp-image-226\" srcset=\"https:\/\/fermedidoine.fr\/wp-content\/uploads\/2020\/02\/PHOTO-2020-02-03-20-36-43-576x1024.jpg 576w, https:\/\/fermedidoine.fr\/wp-content\/uploads\/2020\/02\/PHOTO-2020-02-03-20-36-43-169x300.jpg 169w, https:\/\/fermedidoine.fr\/wp-content\/uploads\/2020\/02\/PHOTO-2020-02-03-20-36-43-768x1366.jpg 768w, https:\/\/fermedidoine.fr\/wp-content\/uploads\/2020\/02\/PHOTO-2020-02-03-20-36-43-864x1536.jpg 864w, https:\/\/fermedidoine.fr\/wp-content\/uploads\/2020\/02\/PHOTO-2020-02-03-20-36-43.jpg 899w\" sizes=\"(max-width: 576px) 100vw, 576px\" \/><\/figure>\n\n\n\n<p><\/p>\n","protected":false},"excerpt":{"rendered":"<p>Reportage Atmosph\u00e8re TV Reportage r\u00e9alis\u00e9 au lancement des Fra\u00eecheurs d&#8217;Idoine. Paris Normandie Article paru pour nos portes ouvertes 2017. https:\/\/www.paris-normandie.fr\/actualites\/economie\/agriculture\/des-glaces-artisanales-a-la-ferme-idoine-a-sauchay-JF10514159 Radio France Bleu Normandie Emission &#8220;On cuisine ensemble&#8221; par Annie Le Fl\u00e9outer du 1er Novembre 2019. https:\/\/www.francebleu.fr\/emissions\/cuisine-ensemble\/normandie-rouen\/les-glaces-de-la-ferme-d-idoine-a-sauchay Le P&#8217;tit Gourmand Paris Normandie N\u00b04<\/p>\n","protected":false},"author":1,"featured_media":0,"parent":0,"menu_order":0,"comment_status":"closed","ping_status":"closed","template":"","meta":[],"_links":{"self":[{"href":"https:\/\/fermedidoine.fr\/index.php?rest_route=\/wp\/v2\/pages\/150"}],"collection":[{"href":"https:\/\/fermedidoine.fr\/index.php?rest_route=\/wp\/v2\/pages"}],"about":[{"href":"https:\/\/fermedidoine.fr\/index.php?rest_route=\/wp\/v2\/types\/page"}],"author":[{"embeddable":true,"href":"https:\/\/fermedidoine.fr\/index.php?rest_route=\/wp\/v2\/users\/1"}],"replies":[{"embeddable":true,"href":"https:\/\/fermedidoine.fr\/index.php?rest_route=%2Fwp%2Fv2%2Fcomments&post=150"}],"version-history":[{"count":3,"href":"https:\/\/fermedidoine.fr\/index.php?rest_route=\/wp\/v2\/pages\/150\/revisions"}],"predecessor-version":[{"id":228,"href":"https:\/\/fermedidoine.fr\/index.php?rest_route=\/wp\/v2\/pages\/150\/revisions\/228"}],"wp:attachment":[{"href":"https:\/\/fermedidoine.fr\/index.php?rest_route=%2Fwp%2Fv2%2Fmedia&parent=150"}],"curies":[{"name":"wp","href":"https:\/\/api.w.org\/{rel}","templated":true}]}}