{"id":17,"date":"2017-06-24T20:03:37","date_gmt":"2017-06-24T18:03:37","guid":{"rendered":"http:\/\/fermedidoine.fr\/?page_id=17"},"modified":"2021-05-24T16:00:09","modified_gmt":"2021-05-24T14:00:09","slug":"accueil","status":"publish","type":"page","link":"https:\/\/fermedidoine.fr\/","title":{"rendered":"Qui nous sommes"},"content":{"rendered":"<p><b>Idoine<\/b> est une vache, qui grandit \u00e0 Sauchay, au hameau des Rendus. Damien, \u00e9leveur apr\u00e8s son p\u00e8re Gabriel, l\u2019a \u00e9lev\u00e9 avec passion. Pendant plus de 10 ans, elle a donn\u00e9 son lait et guid\u00e9 le troupeau au pr\u00e9 comme \u00e0 l\u2019\u00e9table.<\/p>\n<p>La ferme qu\u2019a connu <b>Idoine <\/b>il y a 30 ans a \u00e9volu\u00e9, s\u2019est agrandie et modernis\u00e9e. Pourtant, ses petites filles sont \u00e9lev\u00e9es avec la m\u00eame bienveillance, et sur les m\u00eames prairies<\/p>\n","protected":false},"excerpt":{"rendered":"<p>Idoine est une vache, qui grandit \u00e0 Sauchay, au hameau des Rendus. Damien, \u00e9leveur apr\u00e8s son p\u00e8re Gabriel, l\u2019a \u00e9lev\u00e9 avec passion. Pendant plus de 10 ans, elle a donn\u00e9 son lait et guid\u00e9 le troupeau au pr\u00e9 comme \u00e0 l\u2019\u00e9table. La ferme qu\u2019a connu Idoine il y a 30 ans a \u00e9volu\u00e9, s\u2019est agrandie &hellip; <\/p>\n<p class=\"link-more\"><a href=\"https:\/\/fermedidoine.fr\/\" class=\"more-link\">Continue reading<span class=\"screen-reader-text\"> &#8220;Qui nous sommes&#8221;<\/span><\/a><\/p>\n","protected":false},"author":1,"featured_media":120,"parent":0,"menu_order":0,"comment_status":"closed","ping_status":"closed","template":"","meta":[],"_links":{"self":[{"href":"https:\/\/fermedidoine.fr\/index.php?rest_route=\/wp\/v2\/pages\/17"}],"collection":[{"href":"https:\/\/fermedidoine.fr\/index.php?rest_route=\/wp\/v2\/pages"}],"about":[{"href":"https:\/\/fermedidoine.fr\/index.php?rest_route=\/wp\/v2\/types\/page"}],"author":[{"embeddable":true,"href":"https:\/\/fermedidoine.fr\/index.php?rest_route=\/wp\/v2\/users\/1"}],"replies":[{"embeddable":true,"href":"https:\/\/fermedidoine.fr\/index.php?rest_route=%2Fwp%2Fv2%2Fcomments&post=17"}],"version-history":[{"count":3,"href":"https:\/\/fermedidoine.fr\/index.php?rest_route=\/wp\/v2\/pages\/17\/revisions"}],"predecessor-version":[{"id":325,"href":"https:\/\/fermedidoine.fr\/index.php?rest_route=\/wp\/v2\/pages\/17\/revisions\/325"}],"wp:featuredmedia":[{"embeddable":true,"href":"https:\/\/fermedidoine.fr\/index.php?rest_route=\/wp\/v2\/media\/120"}],"wp:attachment":[{"href":"https:\/\/fermedidoine.fr\/index.php?rest_route=%2Fwp%2Fv2%2Fmedia&parent=17"}],"curies":[{"name":"wp","href":"https:\/\/api.w.org\/{rel}","templated":true}]}}