{"id":18,"date":"2017-06-24T20:03:37","date_gmt":"2017-06-24T18:03:37","guid":{"rendered":"http:\/\/fermedidoine.fr\/?page_id=18"},"modified":"2017-06-25T00:58:06","modified_gmt":"2017-06-24T22:58:06","slug":"a-propos-de","status":"publish","type":"page","link":"https:\/\/fermedidoine.fr\/?page_id=18","title":{"rendered":"La Ferme"},"content":{"rendered":"<p><strong>Les Rendus, site mis en valeur depuis 1257.<\/strong><\/p>\n<p style=\"text-align: left;\">Le site est occup\u00e9 par les hommes, de mani\u00e8re s\u00e9dentaire, depuis la fin du moyen-\u00e2ge. On retrouve dans les archives religieuses la date de 1257 pour la cons\u00e9cration du monast\u00e8re de Saint Nicolas des Rendus. Dans les environs, \u00e0 la m\u00eame p\u00e9riode, on d\u00e9boise les plateaux et offre des villages rue comme Sauchay-Le-Haut ou encore Saint-Nicolas-d\u2019Aliermont.<\/p>\n<p>La r\u00e9gion naturelle du Petit-Caux o\u00f9 nous sommes localis\u00e9s est \u00e0 l\u2019intersection du pays de Caux et de la Picardie : le porche est un \u00e9l\u00e9ment Picard, alors que l\u2019organisation g\u00e9n\u00e9rale de la ferme en \u00abclos masure\u00bb avec la cour carr\u00e9e bord\u00e9 d\u2019arbres, un plan d\u2019eau, nous vient du Pays de Caux.<\/p>\n<p>Durant le d\u00e9but XXe si\u00e8cle, la ferme ne subit pas de transformation majeure. C\u2019est au tournant de la guerre que l&#8217;activit\u00e9 agricole sort de l&#8217;enceinte du clos masure, pour s\u2019ouvrir vers le hangars au Nord, vers l\u2019\u00e9table \u00e0 l\u2019est, vers le silos, les fosses et encore aujourd\u2019hui vers la nouvelle \u00e9table au Sud.<\/p>\n","protected":false},"excerpt":{"rendered":"<p>Les Rendus, site mis en valeur depuis 1257. Le site est occup\u00e9 par les hommes, de mani\u00e8re s\u00e9dentaire, depuis la fin du moyen-\u00e2ge. On retrouve dans les archives religieuses la date de 1257 pour la cons\u00e9cration du monast\u00e8re de Saint Nicolas des Rendus. Dans les environs, \u00e0 la m\u00eame p\u00e9riode, on d\u00e9boise les plateaux et &hellip; <\/p>\n<p class=\"link-more\"><a href=\"https:\/\/fermedidoine.fr\/?page_id=18\" class=\"more-link\">Continue reading<span class=\"screen-reader-text\"> &#8220;La Ferme&#8221;<\/span><\/a><\/p>\n","protected":false},"author":1,"featured_media":83,"parent":0,"menu_order":0,"comment_status":"closed","ping_status":"closed","template":"","meta":[],"_links":{"self":[{"href":"https:\/\/fermedidoine.fr\/index.php?rest_route=\/wp\/v2\/pages\/18"}],"collection":[{"href":"https:\/\/fermedidoine.fr\/index.php?rest_route=\/wp\/v2\/pages"}],"about":[{"href":"https:\/\/fermedidoine.fr\/index.php?rest_route=\/wp\/v2\/types\/page"}],"author":[{"embeddable":true,"href":"https:\/\/fermedidoine.fr\/index.php?rest_route=\/wp\/v2\/users\/1"}],"replies":[{"embeddable":true,"href":"https:\/\/fermedidoine.fr\/index.php?rest_route=%2Fwp%2Fv2%2Fcomments&post=18"}],"version-history":[{"count":4,"href":"https:\/\/fermedidoine.fr\/index.php?rest_route=\/wp\/v2\/pages\/18\/revisions"}],"predecessor-version":[{"id":323,"href":"https:\/\/fermedidoine.fr\/index.php?rest_route=\/wp\/v2\/pages\/18\/revisions\/323"}],"wp:featuredmedia":[{"embeddable":true,"href":"https:\/\/fermedidoine.fr\/index.php?rest_route=\/wp\/v2\/media\/83"}],"wp:attachment":[{"href":"https:\/\/fermedidoine.fr\/index.php?rest_route=%2Fwp%2Fv2%2Fmedia&parent=18"}],"curies":[{"name":"wp","href":"https:\/\/api.w.org\/{rel}","templated":true}]}}